{"id":1303,"date":"2022-09-06T13:56:33","date_gmt":"2022-09-06T11:56:33","guid":{"rendered":"http:\/\/modec.localhost\/?page_id=1303"},"modified":"2023-06-29T21:50:57","modified_gmt":"2023-06-29T19:50:57","slug":"flanges-shafts","status":"publish","type":"page","link":"https:\/\/modecdev.arkod.net\/en\/air-motors\/flanges-shafts\/","title":{"rendered":"Flanges and shafts"},"content":{"rendered":"<p>Modec offers over 500 combinations of flanges and shafts for its engines. Most of them are available in stock (assembly time on engines: 3 working days), and some are available within 10 days upon request. This ensures that you will find what suits you with almost immediate availability.<\/p>\n\n\n\n<p>If you need a special flange or shaft to meet your unique requirements, please do not hesitate to contact us, we will be happy to design, manufacture and mount it on a motor that will meet your exact needs.<\/p>","protected":false},"excerpt":{"rendered":"<p>modec propose plus de 500 combinaisons de brides et d\u2019arbres pour ses moteurs. La plupart est disponible sur stock (d\u00e9lai mont\u00e9 sur les moteurs&nbsp;: 3 jours ouvr\u00e9s) et certains sont disponibles en 10 jours sur simple demande. De quoi vous garantir que vous trouverez ce qui vous convient, avec une disponibilit\u00e9 quasi imm\u00e9diate. Si vous [&hellip;]<\/p>","protected":false},"author":1,"featured_media":0,"parent":425,"menu_order":0,"comment_status":"closed","ping_status":"closed","template":"","meta":{"_acf_changed":false,"_seopress_robots_primary_cat":"","_seopress_titles_title":"","_seopress_titles_desc":"","_seopress_robots_index":"","footnotes":""},"class_list":["post-1303","page","type-page","status-publish","hentry"],"acf":[],"_links":{"self":[{"href":"https:\/\/modecdev.arkod.net\/en\/wp-json\/wp\/v2\/pages\/1303","targetHints":{"allow":["GET"]}}],"collection":[{"href":"https:\/\/modecdev.arkod.net\/en\/wp-json\/wp\/v2\/pages"}],"about":[{"href":"https:\/\/modecdev.arkod.net\/en\/wp-json\/wp\/v2\/types\/page"}],"author":[{"embeddable":true,"href":"https:\/\/modecdev.arkod.net\/en\/wp-json\/wp\/v2\/users\/1"}],"replies":[{"embeddable":true,"href":"https:\/\/modecdev.arkod.net\/en\/wp-json\/wp\/v2\/comments?post=1303"}],"version-history":[{"count":0,"href":"https:\/\/modecdev.arkod.net\/en\/wp-json\/wp\/v2\/pages\/1303\/revisions"}],"up":[{"embeddable":true,"href":"https:\/\/modecdev.arkod.net\/en\/wp-json\/wp\/v2\/pages\/425"}],"wp:attachment":[{"href":"https:\/\/modecdev.arkod.net\/en\/wp-json\/wp\/v2\/media?parent=1303"}],"curies":[{"name":"wp","href":"https:\/\/api.w.org\/{rel}","templated":true}]}}