{"id":29003,"date":"2024-07-24T01:03:10","date_gmt":"2024-07-23T23:03:10","guid":{"rendered":"https:\/\/modec.fr\/?page_id=29003"},"modified":"2025-06-11T01:49:40","modified_gmt":"2025-06-10T23:49:40","slug":"portable-valve-actuators","status":"publish","type":"page","link":"https:\/\/modecdev.arkod.net\/en\/portable-valve-actuators\/","title":{"rendered":"Portable valve actuators"},"content":{"rendered":"","protected":false},"excerpt":{"rendered":"","protected":false},"author":1,"featured_media":0,"parent":0,"menu_order":0,"comment_status":"closed","ping_status":"closed","template":"","meta":{"_acf_changed":false,"_seopress_robots_primary_cat":"","_seopress_titles_title":"Actionneurs de vannes portables modec","_seopress_titles_desc":"Avec nos actionneurs portables de vannes, optimisez vos co\u00fbts et am\u00e9liorez votre productivit\u00e9. Une solution cl\u00e9 en main, 0 modification de vos \u00e9quipements.","_seopress_robots_index":"","footnotes":""},"class_list":["post-29003","page","type-page","status-publish","hentry"],"acf":[],"_links":{"self":[{"href":"https:\/\/modecdev.arkod.net\/en\/wp-json\/wp\/v2\/pages\/29003","targetHints":{"allow":["GET"]}}],"collection":[{"href":"https:\/\/modecdev.arkod.net\/en\/wp-json\/wp\/v2\/pages"}],"about":[{"href":"https:\/\/modecdev.arkod.net\/en\/wp-json\/wp\/v2\/types\/page"}],"author":[{"embeddable":true,"href":"https:\/\/modecdev.arkod.net\/en\/wp-json\/wp\/v2\/users\/1"}],"replies":[{"embeddable":true,"href":"https:\/\/modecdev.arkod.net\/en\/wp-json\/wp\/v2\/comments?post=29003"}],"version-history":[{"count":0,"href":"https:\/\/modecdev.arkod.net\/en\/wp-json\/wp\/v2\/pages\/29003\/revisions"}],"wp:attachment":[{"href":"https:\/\/modecdev.arkod.net\/en\/wp-json\/wp\/v2\/media?parent=29003"}],"curies":[{"name":"wp","href":"https:\/\/api.w.org\/{rel}","templated":true}]}}