{"id":425,"date":"2022-08-19T14:21:48","date_gmt":"2022-08-19T12:21:48","guid":{"rendered":"http:\/\/modec.localhost\/?page_id=425"},"modified":"2025-11-27T02:22:14","modified_gmt":"2025-11-27T01:22:14","slug":"air-motors","status":"publish","type":"page","link":"https:\/\/modecdev.arkod.net\/en\/air-motors\/","title":{"rendered":"Air motors"},"content":{"rendered":"<p>Where other drives can no longer meet the requirements, modec air motors provide a simple and reliable solution.<\/p>\n\n\n\n<p>For over 30 years, modec vane pneumatic motors have been a reliable solution for demanding industrial applications, particularly in the chemical, petrochemical, and mechanical industries. They provide a true alternative to electric or hydraulic motors, with clear advantages in terms of performance, safety, and design.<\/p>","protected":false},"excerpt":{"rendered":"<p>L\u00e0 o\u00f9 d\u2019autres motorisations ne peuvent plus r\u00e9pondre aux exigences, les moteurs pneumatiques modec apportent une solution simple et fiable. Depuis plus de 30 ans, les moteurs pneumatiques \u00e0 palettes modec sont une solution fiable pour les applications industrielles exigeantes, notamment dans les secteurs chimique, p\u00e9trochimique et industries m\u00e9caniques. Ils offrent une v\u00e9ritable alternative aux [&hellip;]<\/p>","protected":false},"author":1,"featured_media":0,"parent":0,"menu_order":0,"comment_status":"closed","ping_status":"closed","template":"","meta":{"_acf_changed":false,"_seopress_robots_primary_cat":"","_seopress_titles_title":"","_seopress_titles_desc":"","_seopress_robots_index":"","footnotes":""},"class_list":["post-425","page","type-page","status-publish","hentry"],"acf":[],"_links":{"self":[{"href":"https:\/\/modecdev.arkod.net\/en\/wp-json\/wp\/v2\/pages\/425","targetHints":{"allow":["GET"]}}],"collection":[{"href":"https:\/\/modecdev.arkod.net\/en\/wp-json\/wp\/v2\/pages"}],"about":[{"href":"https:\/\/modecdev.arkod.net\/en\/wp-json\/wp\/v2\/types\/page"}],"author":[{"embeddable":true,"href":"https:\/\/modecdev.arkod.net\/en\/wp-json\/wp\/v2\/users\/1"}],"replies":[{"embeddable":true,"href":"https:\/\/modecdev.arkod.net\/en\/wp-json\/wp\/v2\/comments?post=425"}],"version-history":[{"count":0,"href":"https:\/\/modecdev.arkod.net\/en\/wp-json\/wp\/v2\/pages\/425\/revisions"}],"wp:attachment":[{"href":"https:\/\/modecdev.arkod.net\/en\/wp-json\/wp\/v2\/media?parent=425"}],"curies":[{"name":"wp","href":"https:\/\/api.w.org\/{rel}","templated":true}]}}