{"id":429,"date":"2022-08-19T14:23:37","date_gmt":"2022-08-19T12:23:37","guid":{"rendered":"http:\/\/modec.localhost\/?page_id=429"},"modified":"2025-06-11T01:50:17","modified_gmt":"2025-06-10T23:50:17","slug":"products","status":"publish","type":"page","link":"https:\/\/modecdev.arkod.net\/en\/portable-valve-actuators\/products\/","title":{"rendered":"Products"},"content":{"rendered":"<p>Valve Assist from modec is a range of portable power tools designed to take the hard work out of operating manual valves. Valves can become difficult to operate for a number of reasons. Mostly due to long periods where the valve is never operated.<\/p>\n\n\n\n<p>During this time, the moving parts within deteriorate. Lubrication dries up and corrosion may set in.<\/p>","protected":false},"excerpt":{"rendered":"<p>Les actionneurs rotatifs portables modec sont des outils indispensables aux op\u00e9rateurs dans leurs t\u00e2ches quotidiennes. Ils am\u00e9liorent la s\u00e9curit\u00e9 et le confort du personnel lors des man\u0153uvres d'ouverture et de fermeture de vannes manuelles notamment dans les industries chimiques, p\u00e9trochimiques, les raffineries, les r\u00e9seaux de distribution d'eau potables et d'assainissement. Gr\u00e2ce \u00e0 notre gamme d'adaptateurs [&hellip;]<\/p>","protected":false},"author":1,"featured_media":0,"parent":29003,"menu_order":0,"comment_status":"closed","ping_status":"closed","template":"","meta":{"_acf_changed":false,"_seopress_robots_primary_cat":"","_seopress_titles_title":"","_seopress_titles_desc":"","_seopress_robots_index":"","footnotes":""},"class_list":["post-429","page","type-page","status-publish","hentry"],"acf":[],"_links":{"self":[{"href":"https:\/\/modecdev.arkod.net\/en\/wp-json\/wp\/v2\/pages\/429","targetHints":{"allow":["GET"]}}],"collection":[{"href":"https:\/\/modecdev.arkod.net\/en\/wp-json\/wp\/v2\/pages"}],"about":[{"href":"https:\/\/modecdev.arkod.net\/en\/wp-json\/wp\/v2\/types\/page"}],"author":[{"embeddable":true,"href":"https:\/\/modecdev.arkod.net\/en\/wp-json\/wp\/v2\/users\/1"}],"replies":[{"embeddable":true,"href":"https:\/\/modecdev.arkod.net\/en\/wp-json\/wp\/v2\/comments?post=429"}],"version-history":[{"count":0,"href":"https:\/\/modecdev.arkod.net\/en\/wp-json\/wp\/v2\/pages\/429\/revisions"}],"up":[{"embeddable":true,"href":"https:\/\/modecdev.arkod.net\/en\/wp-json\/wp\/v2\/pages\/29003"}],"wp:attachment":[{"href":"https:\/\/modecdev.arkod.net\/en\/wp-json\/wp\/v2\/media?parent=429"}],"curies":[{"name":"wp","href":"https:\/\/api.w.org\/{rel}","templated":true}]}}