{"id":435,"date":"2022-08-19T14:24:56","date_gmt":"2022-08-19T12:24:56","guid":{"rendered":"http:\/\/modec.localhost\/?page_id=435"},"modified":"2023-03-17T10:47:33","modified_gmt":"2023-03-17T09:47:33","slug":"services-support","status":"publish","type":"page","link":"https:\/\/modecdev.arkod.net\/en\/services-support\/","title":{"rendered":"Service and support"},"content":{"rendered":"<p>Once you\u2019ve got the right product, you need to make the most of it.<\/p>\n\n\n\n<p>We, at modec, are definitely result-oriented, and we\u2019re ready to help you in the preparation, design and implementation of your solution. Be it a question, a service, a technical support or a training, we remain at your service.<\/p>\n\n\n\n<p>In addition, we are committed to offer the shortest and most reliable lead time for delivery.<\/p>\n\n\n\n<p><strong>Welcome to a world of services, welcome to the modec world !<\/strong><\/p>","protected":false},"excerpt":{"rendered":"<p>Avoir les bons produits, c'est bien. Savoir comment en tirer le maximum et au plus vite, c'est encore mieux ! Chez modec, c\u2019est le r\u00e9sultat qui compte, et nous sommes impatients de vous aider dans la pr\u00e9paration, le d\u00e9veloppement et la mise en \u0153uvre de votre solution pneumatique. Que ce soit pour une simple question, [&hellip;]<\/p>","protected":false},"author":1,"featured_media":0,"parent":0,"menu_order":0,"comment_status":"closed","ping_status":"closed","template":"","meta":{"_acf_changed":false,"_seopress_robots_primary_cat":"","_seopress_titles_title":"","_seopress_titles_desc":"","_seopress_robots_index":"","footnotes":""},"class_list":["post-435","page","type-page","status-publish","hentry"],"acf":[],"_links":{"self":[{"href":"https:\/\/modecdev.arkod.net\/en\/wp-json\/wp\/v2\/pages\/435","targetHints":{"allow":["GET"]}}],"collection":[{"href":"https:\/\/modecdev.arkod.net\/en\/wp-json\/wp\/v2\/pages"}],"about":[{"href":"https:\/\/modecdev.arkod.net\/en\/wp-json\/wp\/v2\/types\/page"}],"author":[{"embeddable":true,"href":"https:\/\/modecdev.arkod.net\/en\/wp-json\/wp\/v2\/users\/1"}],"replies":[{"embeddable":true,"href":"https:\/\/modecdev.arkod.net\/en\/wp-json\/wp\/v2\/comments?post=435"}],"version-history":[{"count":0,"href":"https:\/\/modecdev.arkod.net\/en\/wp-json\/wp\/v2\/pages\/435\/revisions"}],"wp:attachment":[{"href":"https:\/\/modecdev.arkod.net\/en\/wp-json\/wp\/v2\/media?parent=435"}],"curies":[{"name":"wp","href":"https:\/\/api.w.org\/{rel}","templated":true}]}}