{"id":458,"date":"2022-08-19T14:33:55","date_gmt":"2022-08-19T12:33:55","guid":{"rendered":"http:\/\/modec.localhost\/?page_id=458"},"modified":"2024-09-02T17:47:55","modified_gmt":"2024-09-02T15:47:55","slug":"contact","status":"publish","type":"page","link":"https:\/\/modecdev.arkod.net\/en\/contact\/","title":{"rendered":"Contact"},"content":{"rendered":"","protected":false},"excerpt":{"rendered":"","protected":false},"author":1,"featured_media":0,"parent":0,"menu_order":0,"comment_status":"closed","ping_status":"closed","template":"","meta":{"_acf_changed":false,"_seopress_robots_primary_cat":"","_seopress_titles_title":"modec moteurs pneumatiques et actionneurs portables de vannes","_seopress_titles_desc":"D\u00e9couvrez l'expertise de modec en moteurs pneumatiques, une alternative fiable aux moteurs \u00e9lectriques traditionnels depuis pr\u00e8s de 30 ans. Explorez notre gamme de moteurs pneumatiques et d'actionneurs rotatifs portables pour r\u00e9duire les risques op\u00e9rateurs et prot\u00e9ger vos \u00e9quipements industriels.","_seopress_robots_index":"","footnotes":""},"class_list":["post-458","page","type-page","status-publish","hentry"],"acf":[],"_links":{"self":[{"href":"https:\/\/modecdev.arkod.net\/en\/wp-json\/wp\/v2\/pages\/458","targetHints":{"allow":["GET"]}}],"collection":[{"href":"https:\/\/modecdev.arkod.net\/en\/wp-json\/wp\/v2\/pages"}],"about":[{"href":"https:\/\/modecdev.arkod.net\/en\/wp-json\/wp\/v2\/types\/page"}],"author":[{"embeddable":true,"href":"https:\/\/modecdev.arkod.net\/en\/wp-json\/wp\/v2\/users\/1"}],"replies":[{"embeddable":true,"href":"https:\/\/modecdev.arkod.net\/en\/wp-json\/wp\/v2\/comments?post=458"}],"version-history":[{"count":0,"href":"https:\/\/modecdev.arkod.net\/en\/wp-json\/wp\/v2\/pages\/458\/revisions"}],"wp:attachment":[{"href":"https:\/\/modecdev.arkod.net\/en\/wp-json\/wp\/v2\/media?parent=458"}],"curies":[{"name":"wp","href":"https:\/\/api.w.org\/{rel}","templated":true}]}}