{"id":8791,"date":"2023-07-06T00:05:39","date_gmt":"2023-07-05T22:05:39","guid":{"rendered":"https:\/\/modec.lab.arkod.fr\/?page_id=8791"},"modified":"2023-08-17T15:19:01","modified_gmt":"2023-08-17T13:19:01","slug":"legal-notice","status":"publish","type":"page","link":"https:\/\/modecdev.arkod.net\/en\/legal-notice\/","title":{"rendered":"Legal information"},"content":{"rendered":"<h2 class=\"wp-block-heading\">Publisher<\/h2>\n\n\n\n<p class=\"translation-block\"><strong>modec SAS<\/strong>, a joint-stock company with a capital of 40,000 euros, registered with the Trade and Companies Register of Romans under the number 493 748 917, with its registered office located at 80 All\u00e9e Ren\u00e9 Higonnet \u2013 26760 Beaumont-les-Valence, France.<\/p>\n\n\n\n<p class=\"translation-block\"><strong>Phone Number <\/strong>: +33 (0)4 75 40 27 15<br><strong>\nVAT Identification Number<\/strong>: FR18 493 748 917<br><strong>Director and Editorial Manager: <\/strong>Bruno Martin<\/p>\n\n\n\n<h2 class=\"wp-block-heading\">Design<\/h2>\n\n\n\n<p><strong>ARKOD<\/strong><br>325 Rte pr\u00e9s Ch\u00e2teau 07340 - Peaugres - Phone +33 4 69 11 98 60<\/p>\n\n\n\n<p><a href=\"https:\/\/mibc-fr-01.mailinblack.com\/securelink\/?url=https:\/\/www.agencenile.com&amp;key=eyJsYW5nIjoiRU4iLCJ1cmwiOiJodHRwczovL3d3dy5hZ2VuY2VuaWxlLmNvbS8iLCJ0b2tlbiI6ImdBQUFBQUJrbzhuWjEtdmt0VkhSYW12QzBrcERsQTJNRTl4bG1GT3owVEltVmp1N3QyQnQ4aWhtb05GQXM0dlg0azhvR3NGa3dTd04zZ3Bzc1ZJRjFwRzdDYl9kdFNoZm1uc09ad0pKNUpZeS1tNW5QaTRNemRCbl9RZllCSWxkcmhwUTFfOTNkZHJxalY2OUJXUUloUzVJZ2tVSlJlQW1EZmhnSlJiNGw2RnlyRnBIMzdKMkhFTWllc1dwRnJGRkhmLW5qenFzVEwwdm1EdGZWZTFNY1NNUWFEY2FyOWoyR2tuSHZBeWtDTHZtWnlwZUNsZmczNzIwOW03NWRISy1IcFNwUk9LdWxUTkNqZUFab21RUkhnQVNhaGFwbnZEV1JUUWN5dDg1bUZHbDg2dHdKa0pCQ0pzMWN3NTMzbGNreFAzY1JkT3RCeVh1In0=\" target=\"_blank\" rel=\"noreferrer noopener\">www.arkod.fr<\/a><\/p>\n\n\n\n<h2 class=\"wp-block-heading\">Hosting<\/h2>\n\n\n\n<p><strong>O2Switch<\/strong><br>Chem. des Pardiaux, 63000 Clermont-Ferrand<\/p>\n\n\n\n<p><strong>HubSpot, Inc.<\/strong><br>25 First St, 2nd Floor<br>Cambridge, MA 02141<\/p>\n\n\n\n<h2 class=\"wp-block-heading\">Responsibilities<\/h2>\n\n\n\n<p class=\"translation-block\">MODEC SAS cannot guarantee the availability and access time to this site and cannot be held responsible for the deletion, failure to publish, or failure to store information.\nMODEC SAS makes its best efforts to maintain access to the website www.modec.fr. However, it may need to interrupt access to the site, temporarily or permanently, especially for legal, technical, or maintenance reasons.\nMODEC SAS, its affiliates, directors, employees, or other representatives, shall not be liable for damages, data loss, direct or indirect material and immaterial damages, such as market loss, loss of customers, loss of data, income, or loss of earnings suffered by an internet user in connection with the use of the website www.modec.fr, and in general, any commercial disruption, which could result from the inability to access this site, regardless of its duration, from the use of incorrect information and\/or content.<\/p>\n\n\n\n<p>Our site is intended to inform users about the services and products offered by the company MODEC SAS and its partners, who strive to provide accurate information about their activities. However, inaccuracies or omissions may exist, and the company cannot be held responsible for any errors present on the site.<\/p>\n\n\n\n<h2 class=\"wp-block-heading\">Personal Data<\/h2>\n\n\n\n<p>The personal data collected by MODEC SAS is exclusively intended for internal use or by our affiliated partners. Under no circumstances will this data be communicated or sold to third parties.<\/p>\n\n\n\n<h2 class=\"wp-block-heading\">Photos and Contents<\/h2>\n\n\n\n<p>This entire site is subject to French and international legislation on copyright and intellectual property. The copyrights of the texts, images, and other elements present on this site are the property of MODEC SAS, or have been integrated with the permission of their owner. All reproduction rights are reserved.<\/p>\n\n\n\n<p>As a result, any user of this site undertakes in particular:<\/p>\n\n\n\n<ul class=\"wp-block-list\">\n<li>to reproduce, in whole or in part, for sale, distribution, broadcasting, publication, and communication in any form, the visuals without the specific and prior written authorization of the copyright holder and, where applicable, the persons depicted in the visuals;<\/li>\n\n\n\n<li>to reuse the visuals for commercial or advertising purposes without the prior authorization of the company MODEC SAS;<\/li>\n\n\n\n<li>to reuse the visuals in a manner likely to harm the image and reputation of the copyright holder or the persons depicted in the visuals or any other third party who could suffer damage due to such use. In this respect, users undertake not to use the visuals in an insulting, disparaging, or defamatory manner or in any other way likely to harm the right to the image or reputation of the copyright holder or the persons depicted in the visuals or any other third party who could suffer damage due to such use;<\/li>\n\n\n\n<li>to modify the visuals in any way and, more generally, to harm the integrity of the visuals.<\/li>\n<\/ul>","protected":false},"excerpt":{"rendered":"<p>Editeur modec SAS&nbsp;soci\u00e9t\u00e9 anonyme au capital de&nbsp;40000 euros, immatricul\u00e9e au Registre du Commerce et des Soci\u00e9t\u00e9s de Romans sous le num\u00e9ro&nbsp;493 748 917, ayant son si\u00e8ge social situ\u00e9 80 All\u00e9e Ren\u00e9 Higonnet \u2013 26760 Beaumont-les-Valence, France. T\u00e9l\u00e9phone&nbsp;: +33 (0)4 75 40 27 15N\u00b0TVA Intracommunautaire&nbsp;:&nbsp;FR18 493 748 917Directeur de publication et responsable de la r\u00e9daction :&nbsp;Bruno [&hellip;]<\/p>","protected":false},"author":1,"featured_media":0,"parent":0,"menu_order":0,"comment_status":"closed","ping_status":"closed","template":"","meta":{"_acf_changed":false,"_seopress_robots_primary_cat":"","_seopress_titles_title":"","_seopress_titles_desc":"","_seopress_robots_index":"","footnotes":""},"class_list":["post-8791","page","type-page","status-publish","hentry"],"acf":[],"_links":{"self":[{"href":"https:\/\/modecdev.arkod.net\/en\/wp-json\/wp\/v2\/pages\/8791","targetHints":{"allow":["GET"]}}],"collection":[{"href":"https:\/\/modecdev.arkod.net\/en\/wp-json\/wp\/v2\/pages"}],"about":[{"href":"https:\/\/modecdev.arkod.net\/en\/wp-json\/wp\/v2\/types\/page"}],"author":[{"embeddable":true,"href":"https:\/\/modecdev.arkod.net\/en\/wp-json\/wp\/v2\/users\/1"}],"replies":[{"embeddable":true,"href":"https:\/\/modecdev.arkod.net\/en\/wp-json\/wp\/v2\/comments?post=8791"}],"version-history":[{"count":0,"href":"https:\/\/modecdev.arkod.net\/en\/wp-json\/wp\/v2\/pages\/8791\/revisions"}],"wp:attachment":[{"href":"https:\/\/modecdev.arkod.net\/en\/wp-json\/wp\/v2\/media?parent=8791"}],"curies":[{"name":"wp","href":"https:\/\/api.w.org\/{rel}","templated":true}]}}