{"id":8796,"date":"2023-07-06T00:16:12","date_gmt":"2023-07-05T22:16:12","guid":{"rendered":"https:\/\/modec.lab.arkod.fr\/?page_id=8796"},"modified":"2023-07-06T00:17:57","modified_gmt":"2023-07-05T22:17:57","slug":"general-tems-of-use","status":"publish","type":"page","link":"https:\/\/modecdev.arkod.net\/en\/general-tems-of-use\/","title":{"rendered":"Terms and conditions of use"},"content":{"rendered":"<h2 class=\"wp-block-heading\">1. Air motor configurator<\/h2>\n\n\n\n<p>The air motor configurator available on this website is provided for indicative purposes only. <\/p>\n\n\n\n<p>While we strive to provide accurate results, please note that the reference generated by the configurator is subject to mandatory review by our engineering department. <\/p>\n\n\n\n<p>Therefore, it is important to understand that the results obtained from the configurator do not constitute an absolute guarantee of matching the specific requirements of your project. <\/p>\n\n\n\n<p>We disclaim any liability for any claims or disputes arising from the use of the reference generated by the configurator without prior review by our engineering department. <\/p>\n\n\n\n<p>It is the user's responsibility to consult our qualified technical team for a comprehensive and accurate assessment of their project needs, as well as to obtain a definitive reference.<\/p>","protected":false},"excerpt":{"rendered":"<p>1. Configurateur de r\u00e9f\u00e9rence Le configurateur de r\u00e9f\u00e9rence de moteur pneumatique disponible sur ce site web est fourni \u00e0 titre indicatif uniquement. Bien que nous nous efforcions de fournir des r\u00e9sultats pr\u00e9cis, veuillez noter que la r\u00e9f\u00e9rence produite par le configurateur est obligatoirement soumise \u00e0 r\u00e9vision par notre bureau d'\u00e9tude. Par cons\u00e9quent, il est essentiel [&hellip;]<\/p>","protected":false},"author":1,"featured_media":0,"parent":0,"menu_order":0,"comment_status":"closed","ping_status":"closed","template":"","meta":{"_acf_changed":false,"_seopress_robots_primary_cat":"","_seopress_titles_title":"","_seopress_titles_desc":"","_seopress_robots_index":"","footnotes":""},"class_list":["post-8796","page","type-page","status-publish","hentry"],"acf":[],"_links":{"self":[{"href":"https:\/\/modecdev.arkod.net\/en\/wp-json\/wp\/v2\/pages\/8796","targetHints":{"allow":["GET"]}}],"collection":[{"href":"https:\/\/modecdev.arkod.net\/en\/wp-json\/wp\/v2\/pages"}],"about":[{"href":"https:\/\/modecdev.arkod.net\/en\/wp-json\/wp\/v2\/types\/page"}],"author":[{"embeddable":true,"href":"https:\/\/modecdev.arkod.net\/en\/wp-json\/wp\/v2\/users\/1"}],"replies":[{"embeddable":true,"href":"https:\/\/modecdev.arkod.net\/en\/wp-json\/wp\/v2\/comments?post=8796"}],"version-history":[{"count":0,"href":"https:\/\/modecdev.arkod.net\/en\/wp-json\/wp\/v2\/pages\/8796\/revisions"}],"wp:attachment":[{"href":"https:\/\/modecdev.arkod.net\/en\/wp-json\/wp\/v2\/media?parent=8796"}],"curies":[{"name":"wp","href":"https:\/\/api.w.org\/{rel}","templated":true}]}}