{"id":1303,"date":"2022-09-06T13:56:33","date_gmt":"2022-09-06T11:56:33","guid":{"rendered":"http:\/\/modec.localhost\/?page_id=1303"},"modified":"2023-06-29T21:50:57","modified_gmt":"2023-06-29T19:50:57","slug":"flanges-shafts","status":"publish","type":"page","link":"https:\/\/modecdev.arkod.net\/es\/air-motors\/flanges-shafts\/","title":{"rendered":"Bridas y ejes"},"content":{"rendered":"<p>modec ofrece m\u00e1s de 500 combinaciones de bridas y ejes para sus motores. La mayor\u00eda de ellos est\u00e1n disponibles en stock (3 d\u00edas laborables en los motores) y algunos est\u00e1n disponibles en 10 d\u00edas. Esto le garantiza que encontrar\u00e1 lo que necesita, con una disponibilidad casi inmediata.<\/p>\n\n\n\n<p>Si necesita una brida o un eje especial para satisfacer sus requisitos exclusivos, p\u00f3ngase en contacto con nosotros y estaremos encantados de dise\u00f1arlo, fabricarlo y adaptarlo a un motor para satisfacer sus requisitos exactos.<\/p>","protected":false},"excerpt":{"rendered":"<p>modec propose plus de 500 combinaisons de brides et d\u2019arbres pour ses moteurs. La plupart est disponible sur stock (d\u00e9lai mont\u00e9 sur les moteurs&nbsp;: 3 jours ouvr\u00e9s) et certains sont disponibles en 10 jours sur simple demande. De quoi vous garantir que vous trouverez ce qui vous convient, avec une disponibilit\u00e9 quasi imm\u00e9diate. Si vous [&hellip;]<\/p>","protected":false},"author":1,"featured_media":0,"parent":425,"menu_order":0,"comment_status":"closed","ping_status":"closed","template":"","meta":{"_acf_changed":false,"_seopress_robots_primary_cat":"","_seopress_titles_title":"","_seopress_titles_desc":"","_seopress_robots_index":"","footnotes":""},"class_list":["post-1303","page","type-page","status-publish","hentry"],"acf":[],"_links":{"self":[{"href":"https:\/\/modecdev.arkod.net\/es\/wp-json\/wp\/v2\/pages\/1303","targetHints":{"allow":["GET"]}}],"collection":[{"href":"https:\/\/modecdev.arkod.net\/es\/wp-json\/wp\/v2\/pages"}],"about":[{"href":"https:\/\/modecdev.arkod.net\/es\/wp-json\/wp\/v2\/types\/page"}],"author":[{"embeddable":true,"href":"https:\/\/modecdev.arkod.net\/es\/wp-json\/wp\/v2\/users\/1"}],"replies":[{"embeddable":true,"href":"https:\/\/modecdev.arkod.net\/es\/wp-json\/wp\/v2\/comments?post=1303"}],"version-history":[{"count":0,"href":"https:\/\/modecdev.arkod.net\/es\/wp-json\/wp\/v2\/pages\/1303\/revisions"}],"up":[{"embeddable":true,"href":"https:\/\/modecdev.arkod.net\/es\/wp-json\/wp\/v2\/pages\/425"}],"wp:attachment":[{"href":"https:\/\/modecdev.arkod.net\/es\/wp-json\/wp\/v2\/media?parent=1303"}],"curies":[{"name":"wp","href":"https:\/\/api.w.org\/{rel}","templated":true}]}}