{"id":2917,"date":"2023-03-22T10:44:19","date_gmt":"2023-03-22T09:44:19","guid":{"rendered":"https:\/\/modec.lab.arkod.fr\/?page_id=2917"},"modified":"2023-06-19T19:59:26","modified_gmt":"2023-06-19T17:59:26","slug":"applications","status":"publish","type":"page","link":"https:\/\/modecdev.arkod.net\/es\/applications\/","title":{"rendered":"Aplicaciones"},"content":{"rendered":"<p class=\"translation-block\">Donde otros motores no dan la talla, los motores neum\u00e1ticos <strong>modec<\/strong> aportan una soluci\u00f3n simple y confiable.<\/p>\n\n\n\n<p>Ofrecemos soluciones para mezclar, levantar, mover cargas, accionar v\u00e1lvulas, atornillar\/apretar, establecer un sistema en movimiento.<\/p>","protected":false},"excerpt":{"rendered":"<p>L\u00e0 o\u00f9 d'autres motorisations ne peuvent plus r\u00e9pondre aux exigences, les moteurs pneumatiques modec apportent une solution simple et fiable. Vous souhaitez m\u00e9langer, soulever \/ treuiller \/ tirer, d\u00e9placer des charges, actionner des vannes, serrer, faire tourner...<\/p>","protected":false},"author":1,"featured_media":0,"parent":0,"menu_order":0,"comment_status":"closed","ping_status":"closed","template":"","meta":{"_acf_changed":false,"_seopress_robots_primary_cat":"","_seopress_titles_title":"","_seopress_titles_desc":"","_seopress_robots_index":"","footnotes":""},"class_list":["post-2917","page","type-page","status-publish","hentry"],"acf":[],"_links":{"self":[{"href":"https:\/\/modecdev.arkod.net\/es\/wp-json\/wp\/v2\/pages\/2917","targetHints":{"allow":["GET"]}}],"collection":[{"href":"https:\/\/modecdev.arkod.net\/es\/wp-json\/wp\/v2\/pages"}],"about":[{"href":"https:\/\/modecdev.arkod.net\/es\/wp-json\/wp\/v2\/types\/page"}],"author":[{"embeddable":true,"href":"https:\/\/modecdev.arkod.net\/es\/wp-json\/wp\/v2\/users\/1"}],"replies":[{"embeddable":true,"href":"https:\/\/modecdev.arkod.net\/es\/wp-json\/wp\/v2\/comments?post=2917"}],"version-history":[{"count":0,"href":"https:\/\/modecdev.arkod.net\/es\/wp-json\/wp\/v2\/pages\/2917\/revisions"}],"wp:attachment":[{"href":"https:\/\/modecdev.arkod.net\/es\/wp-json\/wp\/v2\/media?parent=2917"}],"curies":[{"name":"wp","href":"https:\/\/api.w.org\/{rel}","templated":true}]}}