{"id":29528,"date":"2024-10-19T01:02:55","date_gmt":"2024-10-18T23:02:55","guid":{"rendered":"https:\/\/modec.arkod.dev\/?page_id=29528"},"modified":"2025-08-29T15:38:04","modified_gmt":"2025-08-29T13:38:04","slug":"what-it-does","status":"publish","type":"page","link":"https:\/\/modecdev.arkod.net\/es\/modecconnect\/what-it-does\/","title":{"rendered":"Qu\u00e9 hace"},"content":{"rendered":"","protected":false},"excerpt":{"rendered":"","protected":false},"author":1,"featured_media":0,"parent":29526,"menu_order":0,"comment_status":"closed","ping_status":"closed","template":"","meta":{"_acf_changed":false,"_seopress_robots_primary_cat":"","_seopress_titles_title":"Syst\u00e8me de surveillance de vannes modec connect | MODEC","_seopress_titles_desc":"modec Connect optimise la gestion des vannes avec un suivi en temps r\u00e9el, une maintenance pr\u00e9dictive et un acc\u00e8s distant aux donn\u00e9es pour plus de s\u00e9curit\u00e9 et d\u2019efficacit\u00e9.","_seopress_robots_index":"","footnotes":""},"class_list":["post-29528","page","type-page","status-publish","hentry"],"acf":[],"_links":{"self":[{"href":"https:\/\/modecdev.arkod.net\/es\/wp-json\/wp\/v2\/pages\/29528","targetHints":{"allow":["GET"]}}],"collection":[{"href":"https:\/\/modecdev.arkod.net\/es\/wp-json\/wp\/v2\/pages"}],"about":[{"href":"https:\/\/modecdev.arkod.net\/es\/wp-json\/wp\/v2\/types\/page"}],"author":[{"embeddable":true,"href":"https:\/\/modecdev.arkod.net\/es\/wp-json\/wp\/v2\/users\/1"}],"replies":[{"embeddable":true,"href":"https:\/\/modecdev.arkod.net\/es\/wp-json\/wp\/v2\/comments?post=29528"}],"version-history":[{"count":0,"href":"https:\/\/modecdev.arkod.net\/es\/wp-json\/wp\/v2\/pages\/29528\/revisions"}],"up":[{"embeddable":true,"href":"https:\/\/modecdev.arkod.net\/es\/wp-json\/wp\/v2\/pages\/29526"}],"wp:attachment":[{"href":"https:\/\/modecdev.arkod.net\/es\/wp-json\/wp\/v2\/media?parent=29528"}],"curies":[{"name":"wp","href":"https:\/\/api.w.org\/{rel}","templated":true}]}}