{"id":43,"date":"2022-07-12T12:24:38","date_gmt":"2022-07-12T10:24:38","guid":{"rendered":"http:\/\/modec.localhost\/?page_id=43"},"modified":"2025-03-25T15:32:16","modified_gmt":"2025-03-25T14:32:16","slug":"air-motors-and-solutions","status":"publish","type":"page","link":"https:\/\/modecdev.arkod.net\/es\/","title":{"rendered":"Moteurs et solutions pneumatiques"},"content":{"rendered":"","protected":false},"excerpt":{"rendered":"","protected":false},"author":1,"featured_media":0,"parent":0,"menu_order":0,"comment_status":"closed","ping_status":"closed","template":"","meta":{"_acf_changed":false,"_seopress_robots_primary_cat":"","_seopress_titles_title":"Moteurs et solutions pneumatiques | %%sitetitle%% %%sep%%","_seopress_titles_desc":"D\u00e9couvrez les moteurs pneumatiques et actionneurs de vanne portables MODEC, certifi\u00e9s ATEX. S\u00e9curit\u00e9, performance et efficacit\u00e9 pour vos op\u00e9rations !","_seopress_robots_index":"","footnotes":""},"class_list":["post-43","page","type-page","status-publish","hentry"],"acf":[],"_links":{"self":[{"href":"https:\/\/modecdev.arkod.net\/es\/wp-json\/wp\/v2\/pages\/43","targetHints":{"allow":["GET"]}}],"collection":[{"href":"https:\/\/modecdev.arkod.net\/es\/wp-json\/wp\/v2\/pages"}],"about":[{"href":"https:\/\/modecdev.arkod.net\/es\/wp-json\/wp\/v2\/types\/page"}],"author":[{"embeddable":true,"href":"https:\/\/modecdev.arkod.net\/es\/wp-json\/wp\/v2\/users\/1"}],"replies":[{"embeddable":true,"href":"https:\/\/modecdev.arkod.net\/es\/wp-json\/wp\/v2\/comments?post=43"}],"version-history":[{"count":0,"href":"https:\/\/modecdev.arkod.net\/es\/wp-json\/wp\/v2\/pages\/43\/revisions"}],"wp:attachment":[{"href":"https:\/\/modecdev.arkod.net\/es\/wp-json\/wp\/v2\/media?parent=43"}],"curies":[{"name":"wp","href":"https:\/\/api.w.org\/{rel}","templated":true}]}}