{"id":435,"date":"2022-08-19T14:24:56","date_gmt":"2022-08-19T12:24:56","guid":{"rendered":"http:\/\/modec.localhost\/?page_id=435"},"modified":"2023-03-17T10:47:33","modified_gmt":"2023-03-17T09:47:33","slug":"services-support","status":"publish","type":"page","link":"https:\/\/modecdev.arkod.net\/es\/services-support\/","title":{"rendered":"Servicios y mantenimiento"},"content":{"rendered":"<p>Una vez que tenga el producto correcto, debe aprovecharlo al m\u00e1ximo.<\/p>\n\n\n\n<p>En modec, estamos orientados hacia los resultados, y estamos listos para ayudarlo en la preparaci\u00f3n, dise\u00f1o e implementaci\u00f3n de su soluci\u00f3n. Sea una pregunta, un servicio, un soporte t\u00e9cnico o una capacitaci\u00f3n, estamos a su servicio.<\/p>\n\n\n\n<p>Adem\u00e1s, nos comprometemos a ofrecer el tiempo de entrega m\u00e1s corto y confiable.<\/p>\n\n\n\n<p><strong>\u00a1Bienvenidos a un mundo de servicios, bienvenidos al mundo de modec!<\/strong><\/p>","protected":false},"excerpt":{"rendered":"<p>Avoir les bons produits, c'est bien. Savoir comment en tirer le maximum et au plus vite, c'est encore mieux ! Chez modec, c\u2019est le r\u00e9sultat qui compte, et nous sommes impatients de vous aider dans la pr\u00e9paration, le d\u00e9veloppement et la mise en \u0153uvre de votre solution pneumatique. Que ce soit pour une simple question, [&hellip;]<\/p>","protected":false},"author":1,"featured_media":0,"parent":0,"menu_order":0,"comment_status":"closed","ping_status":"closed","template":"","meta":{"_acf_changed":false,"_seopress_robots_primary_cat":"","_seopress_titles_title":"","_seopress_titles_desc":"","_seopress_robots_index":"","footnotes":""},"class_list":["post-435","page","type-page","status-publish","hentry"],"acf":[],"_links":{"self":[{"href":"https:\/\/modecdev.arkod.net\/es\/wp-json\/wp\/v2\/pages\/435","targetHints":{"allow":["GET"]}}],"collection":[{"href":"https:\/\/modecdev.arkod.net\/es\/wp-json\/wp\/v2\/pages"}],"about":[{"href":"https:\/\/modecdev.arkod.net\/es\/wp-json\/wp\/v2\/types\/page"}],"author":[{"embeddable":true,"href":"https:\/\/modecdev.arkod.net\/es\/wp-json\/wp\/v2\/users\/1"}],"replies":[{"embeddable":true,"href":"https:\/\/modecdev.arkod.net\/es\/wp-json\/wp\/v2\/comments?post=435"}],"version-history":[{"count":0,"href":"https:\/\/modecdev.arkod.net\/es\/wp-json\/wp\/v2\/pages\/435\/revisions"}],"wp:attachment":[{"href":"https:\/\/modecdev.arkod.net\/es\/wp-json\/wp\/v2\/media?parent=435"}],"curies":[{"name":"wp","href":"https:\/\/api.w.org\/{rel}","templated":true}]}}