{"id":8785,"date":"2023-07-06T00:01:55","date_gmt":"2023-07-05T22:01:55","guid":{"rendered":"https:\/\/modec.lab.arkod.fr\/?page_id=8785"},"modified":"2023-07-06T00:12:56","modified_gmt":"2023-07-05T22:12:56","slug":"privacy-policy","status":"publish","type":"page","link":"https:\/\/modecdev.arkod.net\/es\/privacy-policy\/","title":{"rendered":"Pol\u00edtica de privacidad"},"content":{"rendered":"<p class=\"translation-block\"><strong>modec<\/strong> se compromete a proteger su privacidad. Esta Pol\u00edtica de Privacidad se aplica a nuestro sitio web \u00a0<a href=\"https:\/\/mibc-fr-01.mailinblack.com\/securelink\/?url=https:\/\/www.modec.fr&amp;key=eyJsYW5nIjoiRU4iLCJ1cmwiOiJodHRwOi8vd3d3Lm1vZGVjLmZyIiwidG9rZW4iOiJnQUFBQUFCa284bnRaWnZFb2VGbUdfaGZ0WmZUR3ZBN1p1Q2dud1RMbVFRSkJYNElMTWlKbzAyMXU5MDRkT3JLRlNCN0d3LURLUFoyeTZLOUhzLTd2aVIzSEN5RmRYSzEwS05YdzA5ZV90R2NEandIOXRiQzFSRG5xdzh3T2p5b3RObGNjSjJwbENhOHhwLXR3NVlaVzB6VFVCWTFNbm5QcFdLOWQzN3hvTGZhdWJXaHZUSVlOQ1ZERmRDYlBZN2RnOVVSNDBBNnMxRFNiZzFYTTZhbFBEZHBXV1Vua0ZUbmVfem9KV2U1M3dfSElOVXlLdDdYZmt6ZHdrWk44Q3ZyTEtBbnlZalkzTDJ1b2RSRHdwcm0wV1JFRVlMREc4RnBxMGlyRC11UUVmdHd2TzdqMkNHQTdZbkhWV2FoUGdsV3dYRnVqX2Nyb1dKOCJ9\" target=\"_blank\" rel=\"noreferrer noopener\">www.<strong>modec<\/strong>.fr<\/a>. Esta Pol\u00edtica de Privacidad rige nuestras pr\u00e1cticas para la recopilaci\u00f3n, procesamiento y uso de datos. Tambi\u00e9n describe las opciones disponibles para acceder, utilizar y modificar su informaci\u00f3n personal. Al utilizar el Sitio web, usted acepta las pr\u00e1cticas de datos descritas en esta Pol\u00edtica de Privacidad. Si no est\u00e1 de acuerdo con estas pr\u00e1cticas, debe abstenerse de utilizar el Sitio web. Al darnos su consentimiento, tambi\u00e9n retiene el derecho de rectificaci\u00f3n, el derecho al olvido y\/o el derecho a la eliminaci\u00f3n de sus datos personales.<\/p>\n\n\n\n<p>Actualizamos regularmente esta Pol\u00edtica de Privacidad. Le recomendamos que la revise regularmente.<\/p>\n\n\n\n<h2 class=\"wp-block-heading\"><strong>1.Informaci\u00f3n Importante<\/strong><\/h2>\n\n\n\n<h3 class=\"wp-block-heading\"><strong>1.1. CAMBIOS EN LA POL\u00cdTICA DE PRIVACIDAD<\/strong><\/h3>\n\n\n\n<p>Podemos modificar ocasionalmente esta Pol\u00edtica de Privacidad al publicar una nueva versi\u00f3n en l\u00ednea. Por lo tanto, le aconsejamos que revise regularmente esta p\u00e1gina para mantenerse informado de cualquier cambio. En caso de cambios significativos, le notificaremos publicando la versi\u00f3n revisada de la Pol\u00edtica de Privacidad en nuestro sitio web. De esta manera, nos aseguramos de que siempre est\u00e9 informado sobre la naturaleza de la informaci\u00f3n que recopilamos, las formas en que utilizamos estos datos y las circunstancias en las que se divulgan, si corresponde. Su uso continuado del Sitio web y\/o su provisi\u00f3n continua de Informaci\u00f3n Personal est\u00e1n sujetos a los t\u00e9rminos de la Pol\u00edtica de Privacidad vigente en ese momento.&nbsp;&nbsp;<\/p>\n\n\n\n<h3 class=\"wp-block-heading\"><strong>1.2. CONTACTO<\/strong><\/h3>\n\n\n\n<p class=\"translation-block\">Si tiene alguna pregunta sobre esta Pol\u00edtica de Privacidad o sobre c\u00f3mo procesamos la informaci\u00f3n que nos proporciona, cont\u00e1ctenos por correo electr\u00f3nico a <a href=\"mailto:sales@modec.fr\" target=\"_blank\" rel=\"noreferrer noopener\">sales@<strong>modec<\/strong>.fr<\/a>\u00a0 o por correo postal a <strong>modec<\/strong> 80 All\u00e9e Ren\u00e9 Higonnet \u2013 26760 Beaumont les Valence \u2013 Francia.<\/p>\n\n\n\n<h2 class=\"wp-block-heading\"><strong>2. Informaci\u00f3n que Recopilamos<\/strong><\/h2>\n\n\n\n<h3 class=\"wp-block-heading\"><strong>2.1. CUANDO NAVEGA POR NUESTRO SITIO WEB<\/strong><\/h3>\n\n\n\n<p>Puede explorar el Sitio web sin proporcionar informaci\u00f3n sobre usted. Cuando navega por el Sitio web, le pedimos que proporcione Informaci\u00f3n Personal y recopilamos informaci\u00f3n sobre sus actividades de navegaci\u00f3n. &nbsp;<\/p>\n\n\n\n<h3 class=\"wp-block-heading\"><strong>2.2. \"INFORMACI\u00d3N PERSONAL\"<\/strong><\/h3>\n\n\n\n<p>Informaci\u00f3n Personal se refiere a toda la informaci\u00f3n que nos proporciona voluntariamente y que lo identifica personalmente, incluidos sus datos de contacto, como su nombre, direcci\u00f3n de correo electr\u00f3nico, nombre de la empresa, direcci\u00f3n, n\u00famero de tel\u00e9fono y cualquier otra informaci\u00f3n sobre usted o su empresa. La Informaci\u00f3n Personal tambi\u00e9n puede incluir informaci\u00f3n sobre transacciones, tanto gratuitas como de pago, que realice en el Sitio web, e informaci\u00f3n sobre usted que est\u00e9 disponible p\u00fablicamente en Internet, incluidos sitios como Facebook, LinkedIn, Twitter y Google, o informaci\u00f3n disponible p\u00fablicamente que adquirimos de proveedores de servicios. &nbsp;&nbsp;<\/p>\n\n\n\n<h3 class=\"wp-block-heading\"><strong>2.3. \"INFORMACI\u00d3N DE NAVEGACI\u00d3N\"<\/strong><\/h3>\n\n\n\n<p>La Informaci\u00f3n de Navegaci\u00f3n se refiere a informaci\u00f3n sobre su computadora y sus visitas a este sitio web, incluida su direcci\u00f3n IP, ubicaci\u00f3n geogr\u00e1fica, tipo de navegador, origen de referencia, duraci\u00f3n de la visita y p\u00e1ginas visitadas.<\/p>\n\n\n\n<h2 class=\"wp-block-heading\"><strong>3. Uso de la Informaci\u00f3n Recopilada<\/strong><\/h2>\n\n\n\n<h3 class=\"wp-block-heading\"><strong>3.1. CUMPLIMIENTO DE NUESTRA POL\u00cdTICA DE PRIVACIDAD<\/strong><\/h3>\n\n\n\n<p>Limitamos nuestro uso de la informaci\u00f3n recopilada a los t\u00e9rminos de esta Pol\u00edtica de Privacidad.<\/p>\n\n\n\n<h3 class=\"wp-block-heading\"><strong>3.2. NUNCA VENDEMOS INFORMACI\u00d3N PERSONAL<\/strong><\/h3>\n\n\n\n<p>Nos comprometemos a no vender su Informaci\u00f3n Personal a terceros.<\/p>\n\n\n\n<h3 class=\"wp-block-heading\"><strong>3.3. USO DE LA INFORMACI\u00d3N PERSONAL<\/strong><\/h3>\n\n\n\n<p class=\"translation-block\">Adem\u00e1s de los usos identificados en otras secciones de esta Pol\u00edtica de Privacidad, podemos utilizar su Informaci\u00f3n Personal para: (a) mejorar su experiencia de navegaci\u00f3n personalizando el Sitio web; (b) enviarle informaci\u00f3n por correo postal, correo electr\u00f3nico u otros medios que creamos que puedan interesarle; (c) enviarle materiales de marketing relacionados con nuestro negocio o las actividades de terceros cuidadosamente seleccionados que creamos que pueden interesarle. Adem\u00e1s, podemos compartir sus datos con socios de confianza para permitirles contactarlo cuando solicite recibir informaci\u00f3n, para ayudarnos a realizar an\u00e1lisis estad\u00edsticos o para brindarle soporte t\u00e9cnico. Estos terceros no est\u00e1n autorizados para utilizar su Informaci\u00f3n Personal para otros fines que no sean estos, y se les exige que mantengan la confidencialidad. Si no desea que compartamos su informaci\u00f3n personal con estas empresas, cont\u00e1ctenos en la siguiente direcci\u00f3n: <a href=\"mailto:sales@modec.fr\" target=\"_blank\" rel=\"noreferrer noopener\">sales@<strong>modec<\/strong>.fr<\/a><\/p>\n\n\n\n<h3 class=\"wp-block-heading\"><strong>3.4. USO DE LA INFORMACI\u00d3N DE NAVEGACI\u00d3N<\/strong><\/h3>\n\n\n\n<p class=\"translation-block\">Utilizamos la Informaci\u00f3n de Navegaci\u00f3n para garantizar el funcionamiento del Sitio web y mejorar sus servicios. Tambi\u00e9n podemos utilizar la Informaci\u00f3n de Navegaci\u00f3n sola o en combinaci\u00f3n con Informaci\u00f3n Personal para proporcionarle informaci\u00f3n personalizada sobre <strong>modec<\/strong>.<\/p>\n\n\n\n<h3 class=\"wp-block-heading\"><strong>3.5. COMENTARIOS Y TESTIMONIOS DE CLIENTES<\/strong><\/h3>\n\n\n\n<p>Publicamos comentarios y testimonios de clientes en nuestro Sitio web que pueden contener Informaci\u00f3n Personal. Obtenemos el consentimiento del cliente por correo electr\u00f3nico antes de publicar su nombre y testimonio.<\/p>\n\n\n\n<h3 class=\"wp-block-heading\"><strong>3.6. PROVEEDORES DE SERVICIOS<\/strong><\/h3>\n\n\n\n<p>Contratamos a otras personas y empresas para proporcionar ciertos servicios a los visitantes de nuestro Sitio web y a nuestros clientes, y podemos compartir su informaci\u00f3n con ellos para proporcionarle informaci\u00f3n, productos o servicios. Esto incluye utilizarlos para deduplicar listas de prospectos, analizar datos, brindar asistencia de marketing, completar la informaci\u00f3n que nos proporciona para brindarle servicios de mejor calidad y brindar servicio al cliente. Cuando compartimos su informaci\u00f3n, requerimos expl\u00edcitamente que estos agentes reconozcan nuestra privacidad del cliente y las pol\u00edticas de procesamiento de datos y se adhieran a sus principios.<\/p>\n\n\n\n<h3 class=\"wp-block-heading\"><strong>3.7. SEGURIDAD DE SU INFORMACI\u00d3N PERSONAL<\/strong><\/h3>\n\n\n\n<p class=\"translation-block\">Empleamos diversas tecnolog\u00edas y procedimientos de seguridad para proteger sus Datos personales contra accesos, usos o divulgaciones no autorizadas. Almacenamos los Datos personales que nos proporciona en servidores inform\u00e1ticos en un entorno controlado, seguro y protegido contra accesos, usos o divulgaciones no autorizadas. Cuando se recopilan Datos personales sensibles (como n\u00fameros de tarjetas de cr\u00e9dito y\/o datos de geolocalizaci\u00f3n) en nuestro Sitio web y\/o se transmiten a otros sitios web, se protegen mediante cifrado, como el protocolo SSL (Secure Socket Layer). Todas estas medidas tienen como objetivo minimizar al m\u00e1ximo los riesgos de accesos, consultas o divulgaciones no autorizadas o fraudulentas. No obstante, tenga en cuenta que no se puede eliminar por completo todo riesgo. Si tiene preguntas sobre la seguridad de sus Datos personales, puede ponerse en contacto con nosotros en la direcci\u00f3n \u00a0<a href=\"mailto:sales@modec.fr\" target=\"_blank\" rel=\"noreferrer noopener\">sales@<strong>modec<\/strong>.fr<\/a><\/p>\n\n\n\n<h3 class=\"wp-block-heading\"><strong>3.8. CAMBIOS A SU INFORMACI\u00d3N PERSONAL<\/strong><\/h3>\n\n\n\n<p>Sus datos personales se conservar\u00e1n durante el tiempo necesario para la gesti\u00f3n de su solicitud y dentro de los l\u00edmites establecidos por la ley, es decir, 24 meses.<\/p>\n\n\n\n<p>Dentro de los mismos l\u00edmites, sus datos podr\u00e1n ser conservados para permitirnos ponerse en contacto con usted y ofrecerle otras posiciones que puedan ser de su inter\u00e9s.<\/p>\n\n\n\n<h3 class=\"wp-block-heading\"><strong>3.9. FUNCIONALIDADES DE REDES SOCIALES<\/strong><\/h3>\n\n\n\n<p>Nuestro sitio web incluye caracter\u00edsticas de redes sociales, como el bot\u00f3n \"Me gusta\" de Facebook, y algunos widgets, como el bot\u00f3n \"Compartir\", o incluso mini programas que se ejecutan en nuestro sitio. Estas caracter\u00edsticas pueden recopilar su direcci\u00f3n IP, identificar la p\u00e1gina que est\u00e1 viendo en nuestro sitio y configurar una cookie para que funcione correctamente. Los widgets y caracter\u00edsticas de redes sociales son proporcionados por un tercero o directamente en nuestro sitio web. Esta Pol\u00edtica de Privacidad no se aplica a estas caracter\u00edsticas. Sus interacciones con estas caracter\u00edsticas est\u00e1n reguladas por la pol\u00edtica de privacidad y otras pol\u00edticas de las empresas que las proporcionan.<\/p>\n\n\n\n<h3 class=\"wp-block-heading\"><strong>3.10. SITIOS WEB EXTERNOS<\/strong><\/h3>\n\n\n\n<p>Nuestro sitio web contiene enlaces a otros sitios web. No controlamos el contenido ni las pr\u00e1cticas de estos otros sitios web, y no podemos hacernos responsables de ellos. La inclusi\u00f3n de estos enlaces no implica que respaldemos estos otros sitios web, su contenido, sus propietarios o sus pr\u00e1cticas. Esta Pol\u00edtica de Privacidad no se aplica a otros sitios web, que est\u00e1n sujetos a las pol\u00edticas de privacidad u otras pol\u00edticas posiblemente establecidas por sus propietarios.<\/p>\n\n\n\n<h3 class=\"wp-block-heading\"><strong>3.11. FOROS P\u00daBLICOS<\/strong><\/h3>\n\n\n\n<p>Contamos con un blog accesible al p\u00fablico. Por favor, tenga en cuenta que si divulga informaci\u00f3n directamente a trav\u00e9s de nuestro blog, esta informaci\u00f3n puede ser recopilada y utilizada por terceros. Corregiremos y eliminaremos cualquier informaci\u00f3n que haya publicado en el sitio web a su solicitud, como se describe en la secci\u00f3n \"Exclusi\u00f3n y desinscripci\u00f3n\" a continuaci\u00f3n.<\/p>\n\n\n\n<h3 class=\"wp-block-heading\"><strong>3.12. CONSERVACI\u00d3N DE LA INFORMACI\u00d3N PERSONAL<\/strong><\/h3>\n\n\n\n<p>Conservamos la informaci\u00f3n personal que nos proporciona mientras la consideremos potencialmente \u00fatil para ponerse en contacto con usted sobre nuestros servicios, o seg\u00fan lo requieran nuestras obligaciones legales, o para resolver una disputa y hacer cumplir nuestros acuerdos. Luego la eliminamos de manera segura. A petici\u00f3n suya, eliminaremos esta informaci\u00f3n de los servidores de manera anticipada, de acuerdo con los t\u00e9rminos de la secci\u00f3n \"Exclusi\u00f3n y desinscripci\u00f3n\" a continuaci\u00f3n.<\/p>\n\n\n\n<h3 class=\"wp-block-heading\"><strong>3.13. TRANSFERENCIA INTERNACIONAL DE INFORMACI\u00d3N<\/strong><\/h3>\n\n\n\n<p>En el marco de nuestras operaciones internacionales, podemos transferir su informaci\u00f3n personal y acceder a ella desde cualquier parte del mundo. Esta Pol\u00edtica de Privacidad se aplica, incluso cuando transferimos informaci\u00f3n personal a otros pa\u00edses.<\/p>\n\n\n\n<h1 class=\"wp-block-heading\"><strong>4. Informaci\u00f3n sobre navegaci\u00f3n<\/strong><\/h1>\n\n\n\n<h3 class=\"wp-block-heading\"><strong>4.1.&nbsp;<\/strong><strong>COOKIES<\/strong><\/h3>\n\n\n\n<p class=\"translation-block\"><strong>modec<\/strong> y sus socios utilizan cookies u tecnolog\u00edas similares para analizar las tendencias, administrar el sitio web, rastrear los movimientos de los usuarios en el sitio web y recopilar informaci\u00f3n sociodemogr\u00e1fica sobre nuestra base de usuarios en su conjunto.<\/p>\n\n\n\n<p>Utilizamos \"cookies\" para ayudarlo a personalizar su experiencia en l\u00ednea. Una cookie es un archivo de texto que un servidor web coloca en su disco duro. Las cookies no se utilizan para ejecutar programas ni para instalar virus en su computadora. Se le asignan personalmente y solo pueden ser le\u00eddas por un servidor web ubicado en el dominio que emiti\u00f3 la cookie. Las cookies se utilizan principalmente para ahorrarle tiempo. La funci\u00f3n de una cookie es informar al servidor web que ha vuelto a una p\u00e1gina espec\u00edfica. Por ejemplo, si personaliza p\u00e1ginas en nuestro sitio web, una cookie nos ayuda a recordar su informaci\u00f3n en visitas posteriores. Cuando vuelve a visitar un sitio web, se recuperan las informaci\u00f3n que proporcion\u00f3 anteriormente para que pueda usar las funciones personalizadas con mayor facilidad.<\/p>\n\n\n\n<p class=\"translation-block\">Puede aceptar o rechazar las cookies. La mayor\u00eda de los navegadores web aceptan autom\u00e1ticamente las cookies, pero generalmente puede cambiar la configuraci\u00f3n de su navegador para rechazarlas si as\u00ed lo prefiere. Si elige rechazar las cookies, es posible que las funciones interactivas del sitio web que est\u00e1 viendo se vean afectadas. <strong>modec<\/strong>\u00a0 mantiene una lista de las p\u00e1ginas que visita para determinar qu\u00e9 parte del sitio web es la m\u00e1s popular o utilizada. Estos datos se utilizan dentro del sitio web para ofrecer promociones y contenido personalizados a los clientes cuyo comportamiento indica que est\u00e1n interesados en un \u00e1rea espec\u00edfica. Sus datos de navegaci\u00f3n (cookies) en nuestro sitio web se conservar\u00e1n durante 13 meses, de acuerdo con la regulaci\u00f3n.<\/p>\n\n\n\n<h3 class=\"wp-block-heading\"><strong>4.2. ARCHIVOS DE REGISTRO<\/strong><\/h3>\n\n\n\n<p class=\"translation-block\">Podemos recopilar informaci\u00f3n sociodemogr\u00e1fica, como su c\u00f3digo postal, edad, sexo, preferencias, intereses y favoritos, mediante archivos de registro no vinculados a su nombre u otra informaci\u00f3n personal. Tambi\u00e9n recopilamos de manera autom\u00e1tica cierta informaci\u00f3n sobre su hardware y software de computadora. Esta informaci\u00f3n puede incluir: su direcci\u00f3n IP, tipo de navegador, nombres de dominio, proveedor de servicios de Internet (ISP), archivos consultados en nuestro sitio (por ejemplo, p\u00e1ginas HTML, im\u00e1genes, etc.), sistema operativo, datos de navegaci\u00f3n, horas de acceso y direcciones de sitios web de origen. <strong>modec<\/strong> utiliza esta informaci\u00f3n para mantener la calidad de sus servicios y obtener estad\u00edsticas generales sobre el uso del sitio web <strong>modec<\/strong>. Para estos fines, asociamos estos datos recopilados autom\u00e1ticamente con la informaci\u00f3n personal, como el nombre, la direcci\u00f3n de correo electr\u00f3nico y el n\u00famero de tel\u00e9fono.<\/p>\n\n\n\n<h3 class=\"wp-block-heading translation-block\">4.3. P\u00cdXELES INVISIBLES (P\u00cdXELES WEB)<\/h3>\n\n\n\n<p>Utilizamos una tecnolog\u00eda de software llamada p\u00edxeles invisibles o p\u00edxeles web, que nos ayuda a administrar mejor el sitio web al indicarnos qu\u00e9 contenido es m\u00e1s efectivo. Los p\u00edxeles invisibles son im\u00e1genes muy peque\u00f1as con un identificador \u00fanico, que funcionan de manera similar a las cookies y se utilizan para rastrear los movimientos en l\u00ednea de los usuarios web. A diferencia de las cookies, que se almacenan en el disco duro de la computadora del usuario, los p\u00edxeles invisibles se integran de manera invisible en las p\u00e1ginas web o en los correos electr\u00f3nicos, y no son m\u00e1s grandes que el punto al final de esta oraci\u00f3n. Utilizamos p\u00edxeles invisibles en nuestros correos electr\u00f3nicos HTML para identificar los correos electr\u00f3nicos que han sido abiertos por los destinatarios. Esto nos permite medir la efectividad de algunas comunicaciones y, en general, de nuestras campa\u00f1as de marketing. Asociamos la informaci\u00f3n recopilada por los p\u00edxeles invisibles colocados en los correos electr\u00f3nicos con la informaci\u00f3n personal de nuestros clientes. Si no desea recibir estos correos electr\u00f3nicos, consulte la secci\u00f3n \"Exclusi\u00f3n y desinscripci\u00f3n\".<\/p>\n\n\n\n<h3 class=\"wp-block-heading\"><strong>4.4. COOKIES FLASH Y OTRAS TECNOLOG\u00cdAS DE SEGUIMIENTO DE TERCEROS<\/strong><\/h3>\n\n\n\n<p class=\"translation-block\">Adobe Flash Player (y aplicaciones similares) utiliza esta tecnolog\u00eda para mantener la configuraci\u00f3n, preferencias y h\u00e1bitos de un usuario de manera similar a las cookies, pero esta informaci\u00f3n se gestiona a trav\u00e9s de una interfaz diferente a la proporcionada por su navegador web. Esta tecnolog\u00eda crea objetos almacenados localmente que a menudo se llaman \"cookies Flash\". modec no utiliza cookies Flash. Puede acceder a sus herramientas de administraci\u00f3n de Flash en el sitio web de Adobe directamente desde <a href=\"https:\/\/mibc-fr-01.mailinblack.com\/securelink\/?url=https:\/\/www.macromedia.com&amp;key=eyJsYW5nIjoiRU4iLCJ1cmwiOiJodHRwczovL3d3dy5tYWNyb21lZGlhLmNvbS9zdXBwb3J0L2RvY3VtZW50YXRpb24vZW4vZmxhc2hwbGF5ZXIvaGVscC9zZXR0aW5nc19tYW5hZ2VyLmh0bWwiLCJ0b2tlbiI6ImdBQUFBQUJrbzhudFVIeGRPUkowbV9IY2JoM3ZZRWZVaXphcU10Y2Y2QWI3bVpULWR4NExSOUZiQmFOcDFsb015TW5NeWJnelRLQllxSGRubWd2ZXVaeFdPTGh5M2hQUVVFQ01VWEx1ZWsxNmdJdnEzTGhoU2c2QlZ5OGxHVVNWZDF5Y2t6eUpVR3hNLXRUcE84YjBBX0VseHB3dFRlUWZsQ1kxWGlJTWZwRk5ZYzhfeGhRNXJlUWRtMzRDM3hXbVBEbmJQNzdVWFRmT196TjJURTB6NDkyTHZKamxYcElRQ004SUdQOGpEVk9SVlktMnZzRjNVUC1YSklxWXpwNHd6ZC01RzN6Q1pWOEpMOWplTEwyWmNpci05RERxdzBqb1lqMEd3WmNSZ3hnUG1SbW5yWGw5WWlCRDA5ODdWM1lLRnJzVWdlejZ2eXpYIn0=\" target=\"_blank\" rel=\"noreferrer noopener\">aqui<\/a>\u00a0.<\/p>\n\n\n\n<h3 class=\"wp-block-heading\"><strong>4.5. TECNOLOG\u00cdAS DE SEGUIMIENTO DE TERCEROS<\/strong><\/h3>\n\n\n\n<p>El uso de cookies y balizas web dise\u00f1adas por compa\u00f1\u00edas de seguimiento de terceros no est\u00e1 cubierto por nuestra Pol\u00edtica de Privacidad.<\/p>\n\n\n\n<h2 class=\"wp-block-heading\"><strong>5. Exclusi\u00f3n y desinscripci\u00f3n<\/strong><\/h2>\n\n\n\n<h3 class=\"wp-block-heading\"><strong>5.1. CONSULTA, CORRECCI\u00d3N Y ELIMINACI\u00d3N DE SU INFORMACI\u00d3N PERSONAL<\/strong><\/h3>\n\n\n\n<p class=\"translation-block\">A su solicitud, <strong>modec<\/strong> le informar\u00e1 si posee informaci\u00f3n personal sobre usted. Cuando nos proporcione informaci\u00f3n personal, tiene derecho a:<\/p>\n\n\n\n<ul class=\"wp-block-list\">\n<li>Revisar la informaci\u00f3n del usuario que nos ha proporcionado.<\/li>\n\n\n\n<li>Solicitar la correcci\u00f3n de cualquier error, informaci\u00f3n obsoleta u omisi\u00f3n en la informaci\u00f3n del usuario que nos ha proporcionado.<\/li>\n\n\n\n<li>Solicitar que su informaci\u00f3n de usuario no se utilice para contactarlo.<\/li>\n\n\n\n<li>Solicitar que su informaci\u00f3n de usuario se elimine de cualquier lista de contacto que utilicemos.<\/li>\n\n\n\n<li>Solicitar que su informaci\u00f3n de usuario se elimine de nuestros registros.<\/li>\n\n\n\n<li class=\"translation-block\">Solicitar que modec o terceros dejen de contactarlo.<\/li>\n<\/ul>\n\n\n\n<p class=\"translation-block\">Tambi\u00e9n puede solicitar una copia de toda la informaci\u00f3n personal que tenemos sobre usted. Para ejercer cualquiera de estos derechos, cont\u00e1ctenos en <a href=\"mailto:sales@modec.fr\" target=\"_blank\" rel=\"noreferrer noopener\">sales@<strong>modec<\/strong>.fr<\/a> o por correo a <strong>modec<\/strong> 80 all\u00e9e Ren\u00e9 Higonnet - 26760 Beaumont les Valence - Francia. Responderemos a su solicitud de copia, modificaci\u00f3n, correcci\u00f3n o eliminaci\u00f3n de datos en un plazo de un mes y le informaremos sobre las medidas tomadas.<\/p>\n\n\n\n<h3 class=\"wp-block-heading\"><strong>5.2. DESINSCRIPCI\u00d3N DE NUESTRAS COMUNICACIONES<\/strong><\/h3>\n\n\n\n<p class=\"translation-block\">Puede darse de baja de nuestras comunicaciones de marketing envi\u00e1ndonos su solicitud por correo electr\u00f3nico a <a href=\"mailto:sales@modec.fr\" target=\"_blank\" rel=\"noreferrer noopener\">sales@<strong>modec<\/strong>.fr<\/a>\u00a0 o por correo a 80 all\u00e9e Ren\u00e9 Higonnet - 26760 Beaumont les Valence - Francia. Los clientes seguir\u00e1n recibiendo correos electr\u00f3nicos de transacci\u00f3n relacionados con los servicios solicitados.<\/p>\n\n\n\n<h3 class=\"wp-block-heading\"><strong>5.3. PREGUNTAS O RECLAMACIONES<\/strong><\/h3>\n\n\n\n<p class=\"translation-block\">Si tiene preguntas o reclamaciones sobre esta Pol\u00edtica de Privacidad, le instamos a que primero nos contacte en l\u00ednea a trav\u00e9s del correo electr\u00f3nico <a href=\"mailto:sales@modec.fr\" target=\"_blank\" rel=\"noreferrer noopener\">sales@<strong>modec<\/strong>.fr<\/a>. Tambi\u00e9n puede enviarnos una carta a 80 all\u00e9e Ren\u00e9 Higonnet - 26760 Beaumont les Valence - Francia. Si a\u00fan no est\u00e1 satisfecho despu\u00e9s de habernos contactado, tiene otras opciones. Lo alentamos a que se comunique primero con nosotros para cualquier pregunta o reclamo relacionado con nuestra Pol\u00edtica de Privacidad.<\/p>\n\n\n\n<p>Si considera que no ha recibido una respuesta r\u00e1pida o satisfactoria de nuestra parte en relaci\u00f3n con su pregunta o reclamo, le rogamos que se ponga en contacto con la autoridad independiente correspondiente a continuaci\u00f3n:<\/p>\n\n\n\n<p><a href=\"https:\/\/mibc-fr-01.mailinblack.com\/securelink\/?url=http:\/\/ec.europa.eu&amp;key=eyJsYW5nIjoiRU4iLCJ1cmwiOiJodHRwOi8vZWMuZXVyb3BhLmV1L25ld3Nyb29tL2FydGljbGUyOS9pdGVtLWRldGFpbC5jZm0_aXRlbV9pZD02MTIwODAiLCJ0b2tlbiI6ImdBQUFBQUJrbzhudHJiZkdZcDV1dm1BZVRBY2NOTzB2NVotN0ZBYnlUc2xKV3BhdXZqWkcwVzJmNXhQNk50ZEwwekV1aGtPZXBnVzNidGxYaHYwdnhBNF9uTHEwM3ZYSC1ZZHA3TU1kVEl2NEJzVHp2amdNeTR3R2twQ2JPTmVsMGJ4b3loVUk4bmJDbWc2LTJLeFhIcEFaTkZES3dPOVFUQzVyZW9kRzVDalhFN01uOUNPekxLcEhtY3o3dm9lZTFQekp2VEx3VDZZTEdYWVZxVDVCalhmLXltX3puMXVwSDFVUEtRZFV6a0ZQcHpJUTRCREZEQVF5Tm5NVTlwRThhVVE0UVBteF9CZm1hSXhHYWl4dzBUN1hXanZVcWVHeWV5LXRiQW8xRkNrenVrSGpXa2c2cWZaN1ZWYTFoN3BGQW50ZkxwMi1KNTM2In0=\" target=\"_blank\" rel=\"noreferrer noopener\"><strong>Autoridades de protecci\u00f3n de datos (APD)<\/strong><\/a><\/p>\n\n\n\n<p><a href=\"https:\/\/mibc-fr-01.mailinblack.com\/securelink\/?url=https:\/\/www.edoeb.admin.ch&amp;key=eyJsYW5nIjoiRU4iLCJ1cmwiOiJodHRwczovL3d3dy5lZG9lYi5hZG1pbi5jaC9lZG9lYi9lbi9ob21lL3RoZS1mZHBpYy90YXNrLmh0bWwiLCJ0b2tlbiI6ImdBQUFBQUJrbzhudE9FcFFyTWRIMmdDdjhtLXBrc1oyRHFDSEtCeWJobXNJX0hfUllON0pFVlVaVGt3SWl2bTdyR1JucUxoT0ZhdVljaVVLZnhIOERZTzdCWWpFQWhrWlp1aVB5V1BmWDFoWkFhOUU1ZEFRLVZhMXJfVDJMQm5CeUJ1XzZVUGlXTHQxbXdRSlRPb3YxQTUtQXp4ZHVlQjRKb0JQNmlFMU1hb1RaOVFYT3drSUFUVzRwbEpRMFdveTRhQ0MwZ2lwY0tWSWlEYWxfcXZTSjRBVHAwM1lGQk1uYzNrajR4QnR5bFUxWVJfQ1psQkotWGpFSVdNQURYSnR3UExNbGRJdENVOTBWbVJhQXBMYzgyMnhFSWxNSEQ5aEZfU1gyZFZWbzJ2ZDdDaV8yQmIyRjk5a0FNRW9wRTRramh1UXhxOGJ5bzh3In0=\" target=\"_blank\" rel=\"noreferrer noopener\"><strong>Comisionado Federal de Protecci\u00f3n de Datos y Transparencia (CFPDT) para Suiza<\/strong><\/a><\/p>","protected":false},"excerpt":{"rendered":"<p>modec&nbsp;s'engage \u00e0 prot\u00e9ger votre vie priv\u00e9e. La pr\u00e9sente Politique de confidentialit\u00e9 s'applique \u00e0 notre site web&nbsp;www.modec.fr&nbsp;. La pr\u00e9sente Politique de confidentialit\u00e9 r\u00e9git nos pratiques de collecte, traitement et utilisation des donn\u00e9es. Elle d\u00e9taille \u00e9galement les options \u00e0 votre disposition pour consulter, utiliser et modifier vos informations personnelles. En utilisant le Site web, vous consentez aux [&hellip;]<\/p>","protected":false},"author":1,"featured_media":0,"parent":0,"menu_order":0,"comment_status":"closed","ping_status":"closed","template":"","meta":{"_acf_changed":false,"_seopress_robots_primary_cat":"","_seopress_titles_title":"","_seopress_titles_desc":"","_seopress_robots_index":"","footnotes":""},"class_list":["post-8785","page","type-page","status-publish","hentry"],"acf":[],"_links":{"self":[{"href":"https:\/\/modecdev.arkod.net\/es\/wp-json\/wp\/v2\/pages\/8785","targetHints":{"allow":["GET"]}}],"collection":[{"href":"https:\/\/modecdev.arkod.net\/es\/wp-json\/wp\/v2\/pages"}],"about":[{"href":"https:\/\/modecdev.arkod.net\/es\/wp-json\/wp\/v2\/types\/page"}],"author":[{"embeddable":true,"href":"https:\/\/modecdev.arkod.net\/es\/wp-json\/wp\/v2\/users\/1"}],"replies":[{"embeddable":true,"href":"https:\/\/modecdev.arkod.net\/es\/wp-json\/wp\/v2\/comments?post=8785"}],"version-history":[{"count":0,"href":"https:\/\/modecdev.arkod.net\/es\/wp-json\/wp\/v2\/pages\/8785\/revisions"}],"wp:attachment":[{"href":"https:\/\/modecdev.arkod.net\/es\/wp-json\/wp\/v2\/media?parent=8785"}],"curies":[{"name":"wp","href":"https:\/\/api.w.org\/{rel}","templated":true}]}}