{"id":8791,"date":"2023-07-06T00:05:39","date_gmt":"2023-07-05T22:05:39","guid":{"rendered":"https:\/\/modec.lab.arkod.fr\/?page_id=8791"},"modified":"2023-08-17T15:19:01","modified_gmt":"2023-08-17T13:19:01","slug":"legal-notice","status":"publish","type":"page","link":"https:\/\/modecdev.arkod.net\/es\/legal-notice\/","title":{"rendered":"Menciones legales"},"content":{"rendered":"<h2 class=\"wp-block-heading\">Editor<\/h2>\n\n\n\n<p class=\"translation-block\"><strong>modec SAS<\/strong>, una sociedad an\u00f3nima con un capital de 40,000 euros, registrada en el Registro Mercantil de Romans con el n\u00famero 493 748 917, con domicilio social en 80 All\u00e9e Ren\u00e9 Higonnet - 26760 Beaumont-les-Valence, Francia.<\/p>\n\n\n\n<p class=\"translation-block\"><strong>N\u00famero de tel\u00e9fono<\/strong>: +33 (0)4 75 40 27 15<br>\n<strong>N\u00famero de Identificaci\u00f3n Fiscal (NIF)<\/strong>: FR18 493 748 917<br>\n<strong>Director de Publicaci\u00f3n y Responsable de la Redacci\u00f3n:<\/strong> Bruno Martin<\/p>\n\n\n\n<h2 class=\"wp-block-heading\">Dise\u00f1o<\/h2>\n\n\n\n<p><strong>ARKOD<\/strong><br>325 Rte pr\u00e9s Ch\u00e2teau 07340 - Peaugres - T\u00e9l +33 4 69 11 98 60<\/p>\n\n\n\n<p><a href=\"https:\/\/mibc-fr-01.mailinblack.com\/securelink\/?url=https:\/\/www.agencenile.com&amp;key=eyJsYW5nIjoiRU4iLCJ1cmwiOiJodHRwczovL3d3dy5hZ2VuY2VuaWxlLmNvbS8iLCJ0b2tlbiI6ImdBQUFBQUJrbzhuWjEtdmt0VkhSYW12QzBrcERsQTJNRTl4bG1GT3owVEltVmp1N3QyQnQ4aWhtb05GQXM0dlg0azhvR3NGa3dTd04zZ3Bzc1ZJRjFwRzdDYl9kdFNoZm1uc09ad0pKNUpZeS1tNW5QaTRNemRCbl9RZllCSWxkcmhwUTFfOTNkZHJxalY2OUJXUUloUzVJZ2tVSlJlQW1EZmhnSlJiNGw2RnlyRnBIMzdKMkhFTWllc1dwRnJGRkhmLW5qenFzVEwwdm1EdGZWZTFNY1NNUWFEY2FyOWoyR2tuSHZBeWtDTHZtWnlwZUNsZmczNzIwOW03NWRISy1IcFNwUk9LdWxUTkNqZUFab21RUkhnQVNhaGFwbnZEV1JUUWN5dDg1bUZHbDg2dHdKa0pCQ0pzMWN3NTMzbGNreFAzY1JkT3RCeVh1In0=\" target=\"_blank\" rel=\"noreferrer noopener\">www.arkod.fr<\/a><\/p>\n\n\n\n<h2 class=\"wp-block-heading\">Alojamiento<\/h2>\n\n\n\n<p><strong>O2Switch<\/strong><br>Chem. des Pardiaux, 63000 Clermont-Ferrand<\/p>\n\n\n\n<p><strong>HubSpot, Inc.<\/strong><br>25 First St, 2nd Floor<br>Cambridge, MA 02141<\/p>\n\n\n\n<h2 class=\"wp-block-heading\">Responsabilidades<\/h2>\n\n\n\n<p class=\"translation-block\">MODEC SAS no puede garantizar la disponibilidad y el tiempo de acceso a este sitio y no puede ser considerada responsable por la eliminaci\u00f3n, falta de publicaci\u00f3n o falta de almacenamiento de informaci\u00f3n.\nMODEC SAS hace todo lo posible para mantener el acceso al sitio web www.modec.fr. Sin embargo, puede ser necesario interrumpir el acceso al sitio, de manera temporal o permanente, especialmente por razones legales, t\u00e9cnicas o de mantenimiento.\nMODEC SAS, sus afiliadas, directores, empleados u otros representantes no ser\u00e1n responsables de da\u00f1os, p\u00e9rdida de datos, da\u00f1os materiales o inmateriales directos o indirectos, como la p\u00e9rdida de mercado, p\u00e9rdida de clientes, p\u00e9rdida de datos, ingresos o p\u00e9rdidas sufridas por un usuario de Internet en relaci\u00f3n con el uso del sitio web www.modec.fr, y en general, cualquier interrupci\u00f3n comercial, que pueda resultar de la imposibilidad de acceder a este sitio, independientemente de su duraci\u00f3n, del uso de informaci\u00f3n incorrecta y\/o contenido.<\/p>\n\n\n\n<p>Nuestro sitio tiene la intenci\u00f3n de informar a los usuarios sobre los servicios y productos ofrecidos por la empresa MODEC SAS y sus socios, quienes se esfuerzan por proporcionar informaci\u00f3n precisa sobre sus actividades. Sin embargo, pueden existir inexactitudes u omisiones, y la empresa no puede ser considerada responsable por cualquier error presente en el sitio.<\/p>\n\n\n\n<h2 class=\"wp-block-heading\">Datos Personales<\/h2>\n\n\n\n<p>Los datos personales recopilados por MODEC SAS est\u00e1n exclusivamente destinados a uso interno o por parte de nuestros socios afiliados. En ning\u00fan caso se comunicar\u00e1n o vender\u00e1n estos datos a terceros.<\/p>\n\n\n\n<h2 class=\"wp-block-heading\">Fotos y Contenidos<\/h2>\n\n\n\n<p>Este sitio completo est\u00e1 sujeto a la legislaci\u00f3n francesa e internacional sobre derechos de autor y propiedad intelectual. Los derechos de autor de los textos, im\u00e1genes y otros elementos presentes en este sitio son propiedad de MODEC SAS, o han sido incorporados con el permiso de su propietario. Todos los derechos de reproducci\u00f3n est\u00e1n reservados.<\/p>\n\n\n\n<p>Como resultado, cualquier usuario de este sitio se compromete, en particular, a:<\/p>\n\n\n\n<ul class=\"wp-block-list\">\n<li>reproducir, total o parcialmente, para la venta, distribuci\u00f3n, difusi\u00f3n, publicaci\u00f3n y comunicaci\u00f3n en cualquier forma, las im\u00e1genes visuales sin la autorizaci\u00f3n escrita espec\u00edfica y previa del titular de los derechos de autor y, en su caso, de las personas representadas en las im\u00e1genes;<\/li>\n\n\n\n<li>reutilizar las im\u00e1genes visuales con fines comerciales o publicitarios sin la autorizaci\u00f3n previa de la empresa MODEC SAS;<\/li>\n\n\n\n<li>reutilizar las im\u00e1genes visuales de manera que pueda da\u00f1ar la imagen y reputaci\u00f3n del titular de los derechos de autor o las personas representadas en las im\u00e1genes o cualquier otro tercero que pueda sufrir da\u00f1os debido a dicho uso. En este sentido, los usuarios se comprometen a no utilizar las im\u00e1genes de manera insultante, despectiva o difamatoria, o de cualquier otra manera que pueda perjudicar el derecho a la imagen o reputaci\u00f3n del titular de los derechos de autor o las personas representadas en las im\u00e1genes o cualquier otro tercero que pueda sufrir da\u00f1os debido a dicho uso;<\/li>\n\n\n\n<li>modificar de cualquier manera las im\u00e1genes visuales y, en general, da\u00f1ar la integridad de las im\u00e1genes.<\/li>\n<\/ul>","protected":false},"excerpt":{"rendered":"<p>Editeur modec SAS&nbsp;soci\u00e9t\u00e9 anonyme au capital de&nbsp;40000 euros, immatricul\u00e9e au Registre du Commerce et des Soci\u00e9t\u00e9s de Romans sous le num\u00e9ro&nbsp;493 748 917, ayant son si\u00e8ge social situ\u00e9 80 All\u00e9e Ren\u00e9 Higonnet \u2013 26760 Beaumont-les-Valence, France. T\u00e9l\u00e9phone&nbsp;: +33 (0)4 75 40 27 15N\u00b0TVA Intracommunautaire&nbsp;:&nbsp;FR18 493 748 917Directeur de publication et responsable de la r\u00e9daction :&nbsp;Bruno [&hellip;]<\/p>","protected":false},"author":1,"featured_media":0,"parent":0,"menu_order":0,"comment_status":"closed","ping_status":"closed","template":"","meta":{"_acf_changed":false,"_seopress_robots_primary_cat":"","_seopress_titles_title":"","_seopress_titles_desc":"","_seopress_robots_index":"","footnotes":""},"class_list":["post-8791","page","type-page","status-publish","hentry"],"acf":[],"_links":{"self":[{"href":"https:\/\/modecdev.arkod.net\/es\/wp-json\/wp\/v2\/pages\/8791","targetHints":{"allow":["GET"]}}],"collection":[{"href":"https:\/\/modecdev.arkod.net\/es\/wp-json\/wp\/v2\/pages"}],"about":[{"href":"https:\/\/modecdev.arkod.net\/es\/wp-json\/wp\/v2\/types\/page"}],"author":[{"embeddable":true,"href":"https:\/\/modecdev.arkod.net\/es\/wp-json\/wp\/v2\/users\/1"}],"replies":[{"embeddable":true,"href":"https:\/\/modecdev.arkod.net\/es\/wp-json\/wp\/v2\/comments?post=8791"}],"version-history":[{"count":0,"href":"https:\/\/modecdev.arkod.net\/es\/wp-json\/wp\/v2\/pages\/8791\/revisions"}],"wp:attachment":[{"href":"https:\/\/modecdev.arkod.net\/es\/wp-json\/wp\/v2\/media?parent=8791"}],"curies":[{"name":"wp","href":"https:\/\/api.w.org\/{rel}","templated":true}]}}