{"id":8796,"date":"2023-07-06T00:16:12","date_gmt":"2023-07-05T22:16:12","guid":{"rendered":"https:\/\/modec.lab.arkod.fr\/?page_id=8796"},"modified":"2023-07-06T00:17:57","modified_gmt":"2023-07-05T22:17:57","slug":"general-tems-of-use","status":"publish","type":"page","link":"https:\/\/modecdev.arkod.net\/es\/general-tems-of-use\/","title":{"rendered":"Condiciones de uso"},"content":{"rendered":"<h2 class=\"wp-block-heading\">1. Configurador de referencia<\/h2>\n\n\n\n<p>El configurador de referencia de motores neum\u00e1ticos disponible en este sitio web se proporciona \u00fanicamente con fines indicativos. <\/p>\n\n\n\n<p>Aunque nos esforzamos por proporcionar resultados precisos, tenga en cuenta que la referencia generada por el configurador est\u00e1 sujeta a una revisi\u00f3n obligatoria por parte de nuestro departamento de ingenier\u00eda. <\/p>\n\n\n\n<p>Por lo tanto, es importante comprender que los resultados obtenidos a trav\u00e9s del configurador no constituyen una garant\u00eda absoluta de correspondencia con los requisitos espec\u00edficos de su proyecto. <\/p>\n\n\n\n<p>Declinamos cualquier responsabilidad por reclamaciones o disputas derivadas del uso de la referencia generada por el configurador sin una revisi\u00f3n previa por parte de nuestro departamento de ingenier\u00eda. <\/p>\n\n\n\n<p>Es responsabilidad del usuario consultar a nuestro equipo t\u00e9cnico calificado para obtener una evaluaci\u00f3n completa y precisa de las necesidades de su proyecto, as\u00ed como para obtener una referencia definitiva.<\/p>","protected":false},"excerpt":{"rendered":"<p>1. Configurateur de r\u00e9f\u00e9rence Le configurateur de r\u00e9f\u00e9rence de moteur pneumatique disponible sur ce site web est fourni \u00e0 titre indicatif uniquement. Bien que nous nous efforcions de fournir des r\u00e9sultats pr\u00e9cis, veuillez noter que la r\u00e9f\u00e9rence produite par le configurateur est obligatoirement soumise \u00e0 r\u00e9vision par notre bureau d'\u00e9tude. Par cons\u00e9quent, il est essentiel [&hellip;]<\/p>","protected":false},"author":1,"featured_media":0,"parent":0,"menu_order":0,"comment_status":"closed","ping_status":"closed","template":"","meta":{"_acf_changed":false,"_seopress_robots_primary_cat":"","_seopress_titles_title":"","_seopress_titles_desc":"","_seopress_robots_index":"","footnotes":""},"class_list":["post-8796","page","type-page","status-publish","hentry"],"acf":[],"_links":{"self":[{"href":"https:\/\/modecdev.arkod.net\/es\/wp-json\/wp\/v2\/pages\/8796","targetHints":{"allow":["GET"]}}],"collection":[{"href":"https:\/\/modecdev.arkod.net\/es\/wp-json\/wp\/v2\/pages"}],"about":[{"href":"https:\/\/modecdev.arkod.net\/es\/wp-json\/wp\/v2\/types\/page"}],"author":[{"embeddable":true,"href":"https:\/\/modecdev.arkod.net\/es\/wp-json\/wp\/v2\/users\/1"}],"replies":[{"embeddable":true,"href":"https:\/\/modecdev.arkod.net\/es\/wp-json\/wp\/v2\/comments?post=8796"}],"version-history":[{"count":0,"href":"https:\/\/modecdev.arkod.net\/es\/wp-json\/wp\/v2\/pages\/8796\/revisions"}],"wp:attachment":[{"href":"https:\/\/modecdev.arkod.net\/es\/wp-json\/wp\/v2\/media?parent=8796"}],"curies":[{"name":"wp","href":"https:\/\/api.w.org\/{rel}","templated":true}]}}